{"id":2417,"date":"2024-01-17T14:06:54","date_gmt":"2024-01-17T14:06:54","guid":{"rendered":"https:\/\/firstglobalvillachain.com\/?page_id=2417"},"modified":"2025-09-18T14:08:12","modified_gmt":"2025-09-18T12:08:12","slug":"luxury-villa-emg-steinfurt-munster-enshede","status":"publish","type":"page","link":"https:\/\/firstglobalvillachain.com\/de\/luxury-villa-emg-steinfurt-munster-enshede","title":{"rendered":"Luxury Villa EMG Steinfurt M\u00fcnster Enschede"},"content":{"rendered":"<p><section  class=\"fw-main-row section\"  >\n    <div class=\"fw-container-fluid\">\n        <div class=\"slide\" data-anchor=\"slide1\">\n    <div class=\"home__section-background\" style=\"background-image: url('\/\/firstglobalvillachain.com\/wp-content\/uploads\/2024\/05\/IMG_2405-1.jpg')\" ><\/div>\n<\/div>\n<div class=\"slide\" data-anchor=\"slide1\">\n    <div class=\"home__section-background\" style=\"background-image: url('\/\/firstglobalvillachain.com\/wp-content\/uploads\/2024\/03\/IMG_0675-Medium.png')\" ><\/div>\n<\/div>\n<div class=\"slide\" data-anchor=\"slide1\">\n    <div class=\"home__section-background\" style=\"background-image: url('\/\/firstglobalvillachain.com\/wp-content\/uploads\/2024\/05\/IMG_2390-1.jpg')\" ><\/div>\n<\/div>\n<div class=\"slide\" data-anchor=\"slide1\">\n    <div class=\"home__section-background\" style=\"background-image: url('\/\/firstglobalvillachain.com\/wp-content\/uploads\/2024\/05\/IMG_1098.jpg')\" ><\/div>\n<\/div>\n<div class=\"slide\" data-anchor=\"slide1\">\n    <div class=\"home__section-background\" style=\"background-image: url('\/\/firstglobalvillachain.com\/wp-content\/uploads\/2024\/08\/IMG_2519.jpg')\" ><\/div>\n<\/div>\n<div class=\"slide\" data-anchor=\"slide1\">\n    <div class=\"home__section-background\" style=\"background-image: url('\/\/firstglobalvillachain.com\/wp-content\/uploads\/2024\/05\/IMG_1094.jpg')\" ><\/div>\n<\/div>\n<div class=\"slide\" data-anchor=\"slide1\">\n    <div class=\"home__section-background\" style=\"background-image: url('\/\/firstglobalvillachain.com\/wp-content\/uploads\/2024\/05\/IMG_1090.jpg')\" ><\/div>\n<\/div>\n<div class=\"slide\" data-anchor=\"slide1\">\n    <div class=\"home__section-background\" style=\"background-image: url('\/\/firstglobalvillachain.com\/wp-content\/uploads\/2024\/05\/IMG_1322.jpg')\" ><\/div>\n<\/div>\n<div class=\"slide\" data-anchor=\"slide1\">\n    <div class=\"home__section-background\" style=\"background-image: url('\/\/firstglobalvillachain.com\/wp-content\/uploads\/2024\/01\/2-1.jpg')\" ><\/div>\n<\/div>\n<div class=\"slide\" data-anchor=\"slide1\">\n    <div class=\"home__section-background\" style=\"background-image: url('\/\/firstglobalvillachain.com\/wp-content\/uploads\/2024\/01\/11-1.jpg')\" ><\/div>\n<\/div>\n<div class=\"slide\" data-anchor=\"slide1\">\n    <div class=\"home__section-background\" style=\"background-image: url('\/\/firstglobalvillachain.com\/wp-content\/uploads\/2024\/01\/6-1.jpg')\" ><\/div>\n<\/div>\n<div class=\"slide\" data-anchor=\"slide1\">\n    <div class=\"home__section-background\" style=\"background-image: url('\/\/firstglobalvillachain.com\/wp-content\/uploads\/2024\/05\/IMG_2407-1.jpg')\" ><\/div>\n<\/div>\n<div class=\"slide\" data-anchor=\"slide1\">\n    <div class=\"home__section-background\" style=\"background-image: url('\/\/firstglobalvillachain.com\/wp-content\/uploads\/2024\/03\/IMG_0679.jpg')\" ><\/div>\n<\/div>\n<div class=\"slide\" data-anchor=\"slide1\">\n    <div class=\"home__section-background\" style=\"background-image: url('\/\/firstglobalvillachain.com\/wp-content\/uploads\/2024\/03\/IMG_0676-Medium.png')\" ><\/div>\n<\/div>\n<div class=\"slide\" data-anchor=\"slide1\">\n    <div class=\"home__section-background\" style=\"background-image: url('\/\/firstglobalvillachain.com\/wp-content\/uploads\/2024\/05\/IMG_1103.jpg')\" ><\/div>\n<\/div>\n<div class=\"slide\" data-anchor=\"slide1\">\n    <div class=\"home__section-background\" style=\"background-image: url('\/\/firstglobalvillachain.com\/wp-content\/uploads\/2024\/05\/IMG_2374-1.jpg')\" ><\/div>\n<\/div>\n<div class=\"slide\" data-anchor=\"slide1\">\n    <div class=\"home__section-background\" style=\"background-image: url('\/\/firstglobalvillachain.com\/wp-content\/uploads\/2024\/04\/IMG_0899.jpg')\" ><\/div>\n<\/div>\n<div class=\"slide\" data-anchor=\"slide1\">\n    <div class=\"home__section-background\" style=\"background-image: url('\/\/firstglobalvillachain.com\/wp-content\/uploads\/2024\/01\/10-1.jpg')\" ><\/div>\n<\/div>\n<div class=\"slide\" data-anchor=\"slide1\">\n    <div class=\"home__section-background\" style=\"background-image: url('\/\/firstglobalvillachain.com\/wp-content\/uploads\/2024\/04\/IMG_0900.jpg')\" ><\/div>\n<\/div>\n<div class=\"slide\" data-anchor=\"slide1\">\n    <div class=\"home__section-background\" style=\"background-image: url('\/\/firstglobalvillachain.com\/wp-content\/uploads\/2024\/04\/IMG_0901.jpg')\" ><\/div>\n<\/div>\n<div class=\"slide\" data-anchor=\"slide1\">\n    <div class=\"home__section-background\" style=\"background-image: url('\/\/firstglobalvillachain.com\/wp-content\/uploads\/2024\/05\/IMG_2383-1.jpg')\" ><\/div>\n<\/div>\n<div class=\"slide\" data-anchor=\"slide1\">\n    <div class=\"home__section-background\" style=\"background-image: url('\/\/firstglobalvillachain.com\/wp-content\/uploads\/2024\/05\/IMG_2395-1.jpg')\" ><\/div>\n<\/div>\n<div class=\"home__section-overlay\"><\/div>\n<div class=\"home__first-info js-villa-info\" data-villa=\"Luxury Villa EMG Steinfurt M\u00fcnster Enschede\" data-weekday=\"690\" data-weekend=\"1490\" data-increase=\"10\" data-after=\"50\">\n    <div class=\"home__first-title\">Luxury Villa EMG Steinfurt M\u00fcnster Enschede<\/div>\n    <div class=\"home__first-content\"><\/div>\n<\/div>\n    <\/div>\n<\/section>\n\n<section  class=\"fw-main-row section\"  >\n    <div class=\"fw-container-fluid\">\n        <div class=\"fw-row\">\n\t<div class=\"fw-col-xs-12 fw-col-sm-4\">\n\t<div class=\"home__section-background home__image-background js-villa-info\" style=\"background-image: url('\/\/firstglobalvillachain.com\/wp-content\/uploads\/2024\/03\/IMG_0675.jpg')\"><\/div>\n\n\n<\/div>\n<div class=\"fw-col-xs-12 fw-col-sm-8\">\n\t<div class=\"villa-info__text villa-info_center\">\n    <div class=\"villa-info__title\">Luxury Villa EMG Steinfurt M\u00fcnster Enschede<\/div>    <div class=\"villa-info__content\">\n        <p data-start=\"92\" data-end=\"394\">Villa combines the charm of a <strong>1890 Dutch-style hous<\/strong>e once owned by a brewing family with modern comforts, making it perfect for both family getaways and business stays.<\/p><p>Perfect for both <strong>relaxation<\/strong> and <strong>business<\/strong> needs, this villa offers an inviting atmosphere with easy access to surrounding cities.<\/p><p data-start=\"640\" data-end=\"659\"><strong data-start=\"640\" data-end=\"659\">Prime Location:<br \/><\/strong>- Steinfurt City Center \u2013 5 min walk<br \/>- M\u00fcnster City and Airport \u2013 20 min<br \/>- Emsdetten and Rheine \u2013 20 min<br \/>- Saerbeck and Riesenbeck \u2013 20 min<br \/>- Enschede, NL \u2013 20 min<\/p><p data-start=\"640\" data-end=\"659\"><strong>Swimming pool open: June 1 \u2013 Sep 15<\/strong><\/p>    <\/div>\n<\/div>\n<\/div>\n<\/div>\n\n    <\/div>\n<\/section>\n\n<section  class=\"fw-main-row section\"  >\n    <div class=\"fw-container-fluid\">\n        <div class=\"fw-row\">\n\t<div class=\"fw-col-xs-12\">\n\t<div class=\"simple-slider\">\n    <a href=\"#\" class=\"control_next\"><\/a>\n    <a href=\"#\" class=\"control_prev\"><\/a>\n    <ul>\n                <li>\n            <div class=\"home__section-background home__image-background js-villa-info\" style=\"background-image: url('\/\/firstglobalvillachain.com\/wp-content\/uploads\/2024\/01\/10-1.jpg')\"><\/div>\n        <\/li>\n                <li>\n            <div class=\"home__section-background home__image-background js-villa-info\" style=\"background-image: url('\/\/firstglobalvillachain.com\/wp-content\/uploads\/2024\/01\/14.jpg')\"><\/div>\n        <\/li>\n                <li>\n            <div class=\"home__section-background home__image-background js-villa-info\" style=\"background-image: url('\/\/firstglobalvillachain.com\/wp-content\/uploads\/2024\/01\/13.jpg')\"><\/div>\n        <\/li>\n                <li>\n            <div class=\"home__section-background home__image-background js-villa-info\" style=\"background-image: url('\/\/firstglobalvillachain.com\/wp-content\/uploads\/2024\/01\/6-1.jpg')\"><\/div>\n        <\/li>\n                <li>\n            <div class=\"home__section-background home__image-background js-villa-info\" style=\"background-image: url('\/\/firstglobalvillachain.com\/wp-content\/uploads\/2024\/01\/15.jpg')\"><\/div>\n        <\/li>\n                <li>\n            <div class=\"home__section-background home__image-background js-villa-info\" style=\"background-image: url('\/\/firstglobalvillachain.com\/wp-content\/uploads\/2024\/01\/2-1.jpg')\"><\/div>\n        <\/li>\n                <li>\n            <div class=\"home__section-background home__image-background js-villa-info\" style=\"background-image: url('\/\/firstglobalvillachain.com\/wp-content\/uploads\/2024\/01\/9-1.jpg')\"><\/div>\n        <\/li>\n                <li>\n            <div class=\"home__section-background home__image-background js-villa-info\" style=\"background-image: url('\/\/firstglobalvillachain.com\/wp-content\/uploads\/2024\/01\/5-1.jpg')\"><\/div>\n        <\/li>\n            <\/ul>\n<\/div>\n\n\n<\/div>\n<\/div>\n\n    <\/div>\n<\/section>\n\n<section  class=\"fw-main-row section\"  >\n    <div class=\"fw-container-fluid\">\n        <div class=\"fw-row\">\n\t<div class=\"fw-col-xs-12\">\n\t<div class=\"villa-info__text villa-info_center\">\n    <div class=\"villa-info__title\">Summary<\/div>    <div class=\"villa-info__content\">\n        <p>The villa boasts a total of 9 rooms, including 8 bedrooms, 2 living rooms, and a dining area. Additionally, there is a kitchen and library, offering a perfect blend of space and comfort for both relaxation and work.<\/p><p data-start=\"315\" data-end=\"333\"><strong data-start=\"315\" data-end=\"333\">Main Features:<br \/>- Spacious dining or meeting room<\/strong> with a large table.<br \/><strong>- Living room with a fireplace<\/strong>, piano, and sofa bed.<br \/><strong>- Fully equipped kitchen<\/strong> for all your culinary needs.<br \/><strong>- Bedrooms with ample storage space<\/strong>, including large dressing areas.<\/p><p data-start=\"689\" data-end=\"710\"><strong data-start=\"689\" data-end=\"710\">Outdoor &amp; Extras:<br \/><\/strong>- Expansive garden area \u2013 Perfect for outdoor gatherings and relaxation.<br \/>- Swimming Pool \u2013 available for use during the summer months.<br \/>- Barbecue Area \u2013 Dedicated space for outdoor grilling and dining.<br \/>- Free Wi-Fi throughout the villa.<\/p><p><strong data-start=\"933\" data-end=\"969\">Exclusive Services (on request):<br \/><\/strong>- Private Chef<br \/>- Luxury Car Rental (Bentley, Ferrari, Bugatti, etc.)<br \/>- Chauffeur &amp; Shuttle Service<\/p><p>For an additional fee you can rent:<\/p><p>A spacious and bright room with large windows and a view of nature. A flexible space, perfect for your family celebrations, events, business meetings, and creative retreats.<\/p><p data-start=\"1076\" data-end=\"1201\">Perfect for business stays, events, and groups of up to 20 guests, offering a blend of luxury, functionality, and relaxation.<\/p>    <\/div>\n<\/div>\n<\/div>\n<\/div>\n\n    <\/div>\n<\/section>\n\n<section  class=\"fw-main-row section\"  >\n    <div class=\"fw-container-fluid\">\n        <div class=\"fw-row\">\n\t<div class=\"fw-col-xs-12 fw-col-sm-8\">\n\t<div class=\"villa-info__text villa-info_center\">\n    <div class=\"villa-info__title\">Luxury Villa EMG Steinfurt M\u00fcnster Enschede<\/div>    <div class=\"villa-info__content\">\n        <p data-start=\"34\" data-end=\"346\"><strong data-start=\"34\" data-end=\"80\">Nestled in the heart of charming Steinfurt<\/strong>, our holiday rentals offer a unique opportunity to explore the region\u2019s rich cultural and natural beauty.<\/p><p data-start=\"348\" data-end=\"624\">A short drive away, <strong data-start=\"368\" data-end=\"379\">M\u00fcnster<\/strong> provides a vibrant mix of history, art, and culture, with landmarks like the <strong data-start=\"457\" data-end=\"478\">M\u00fcnster Cathedral<\/strong> and <strong data-start=\"483\" data-end=\"501\">Prinzipalmarkt<\/strong>. Nearby, <strong data-start=\"511\" data-end=\"526\">Tecklenburg<\/strong> enchants visitors with its medieval streets and captivating castle, making it a perfect day trip.<\/p><p data-start=\"626\" data-end=\"1026\"><strong data-start=\"626\" data-end=\"639\">Osnabr\u00fcck<\/strong>, a cultural gem, offers museums such as the <strong data-start=\"684\" data-end=\"707\">Felix Nussbaum Haus<\/strong> and a well-preserved Old Town. Surrounded by the idyllic <strong data-start=\"765\" data-end=\"792\">M\u00fcnsterland countryside<\/strong>, Steinfurt is ideal for cycling tours past traditional farms, enchanting castles, and serene lakes.<\/p><p><strong data-start=\"893\" data-end=\"905\">Enschede<\/strong>, located just across the border in the Netherlands, adds a layer of cultural and historical exploration to your journey.<\/p>    <\/div>\n<\/div>\n<\/div>\n<div class=\"fw-col-xs-12 fw-col-sm-4\">\n\t<div class=\"home__section-background home__image-background js-villa-info\" style=\"background-image: url('\/\/firstglobalvillachain.com\/wp-content\/uploads\/2024\/05\/IMG_2390-1.jpg')\"><\/div>\n\n\n<\/div>\n<\/div>\n\n    <\/div>\n<\/section>\n\n<section  class=\"fw-main-row section js-hide-section\"  >\n    <div class=\"fw-container-fluid\">\n        <div class=\"fw-row\">\n\t<div class=\"fw-col-xs-12\">\n\t<div class=\"form-wrapper fw-contact-form contact-form\">\n\t<form data-fw-form-id=\"fw_form\" method=\"post\" action=\"https:\/\/firstglobalvillachain.com\/de\/wp-json\/wp\/v2\/pages\/2417\" class=\"fw_form_fw_form\" data-fw-ext-forms-type=\"contact-forms\" data-trp-original-action=\"https:\/\/firstglobalvillachain.com\/de\/wp-json\/wp\/v2\/pages\/2417\"  ><input type=\"hidden\" name=\"fwf\" value=\"fw_form\" \/><input type=\"hidden\" id=\"_nonce_e16e56bf1c7208a4b8e2ccde05e9dd9a\" name=\"_nonce_e16e56bf1c7208a4b8e2ccde05e9dd9a\" value=\"d4d5cb57c9\" \/><input type=\"hidden\" name=\"_wp_http_referer\" value=\"\/de\/wp-json\/wp\/v2\/pages\/2417\" \/><input type=\"hidden\" name=\"fw_ext_forms_form_type\" value=\"contact-forms\" \/><input type=\"hidden\" name=\"fw_ext_forms_form_id\" value=\"88d7db86073d351c409be9544f4be1f3\" \/><div class=\"wrap-forms\">\n\t<div class=\"fw-row\"><div class=\"fw-col-xs-12 form-builder-item form-builder-item\">\n\t<div class=\"header title\">\n\t\t<h2>Reservation Request for Luxury Villa EMG Steinfurt M\u00fcnster Enschede<\/h2>\n\t\t\t<\/div>\n<\/div><\/div><div class=\"fw-row\"><div class=\"fw-col-xs-12 form-builder-item\">\n\t<div class=\"field-text\">\n\t\t\t\t<label for=\"id-1\">Check-in date:\t\t\t<sup>*<\/sup>\t\t<\/label>\n\t\t\t\t<input type=\"text\" name=\"text_a27d3d6\" placeholder=\"DD-MM-YYYY\" value=\"\" id=\"id-1\" required=\"required\" >\n\t\t\t<\/div>\n<\/div><\/div><div class=\"fw-row\"><div class=\"fw-col-xs-12 form-builder-item\">\n\t<div class=\"field-text\">\n\t\t\t\t<label for=\"id-2\">Check-out date:\t\t\t<sup>*<\/sup>\t\t<\/label>\n\t\t\t\t<input type=\"text\" name=\"text_e389c42\" placeholder=\"DD-MM-YYYY\" value=\"\" id=\"id-2\" required=\"required\" >\n\t\t\t<\/div>\n<\/div><\/div><div class=\"fw-row\">\t<div class=\"fw-col-xs-12 form-builder-item\">\n\t\t<div class=\"field-select select-styled\">\n\t\t\t\t\t\t<label for=\"id-3\">Guest Amount\t\t\t\t<sup>*<\/sup>\t\t\t<\/label>\n\t\t\t\t\t\t<select name=\"select_66f2247\" id=\"id-3\"  >\n\t\t\t\t\t\t\t\t\t<option value=\"1 Person\"  >1 Person<\/option>\n\t\t\t\t\t\t\t\t\t<option value=\"2 Person\"  >2 Person<\/option>\n\t\t\t\t\t\t\t\t\t<option value=\"3 Person\"  >3 Person<\/option>\n\t\t\t\t\t\t\t\t\t<option value=\"4 Person\"  >4 Person<\/option>\n\t\t\t\t\t\t\t\t\t<option value=\"5 Person\"  >5 Person<\/option>\n\t\t\t\t\t\t\t\t\t<option value=\"6 Person\"  >6 Person<\/option>\n\t\t\t\t\t\t\t\t\t<option value=\"7 Person\"  >7 Person<\/option>\n\t\t\t\t\t\t\t\t\t<option value=\"8 Person\"  >8 Person<\/option>\n\t\t\t\t\t\t\t\t\t<option value=\"9 Person\"  >9 Person<\/option>\n\t\t\t\t\t\t\t\t\t<option value=\"10 Person\"  >10 Person<\/option>\n\t\t\t\t\t\t\t\t\t<option value=\"11 Person\"  >11 Person<\/option>\n\t\t\t\t\t\t\t\t\t<option value=\"12 Person\"  >12 Person<\/option>\n\t\t\t\t\t\t\t\t\t<option value=\"13 Person\"  >13 Person<\/option>\n\t\t\t\t\t\t\t\t\t<option value=\"14 Person\"  >14 Person<\/option>\n\t\t\t\t\t\t\t\t\t<option value=\"15 Person\"  >15 Person<\/option>\n\t\t\t\t\t\t\t\t\t<option value=\"16 Person\"  >16 Person<\/option>\n\t\t\t\t\t\t\t\t\t<option value=\"17 Person\"  >17 Person<\/option>\n\t\t\t\t\t\t\t\t\t<option value=\"18 Person\"  >18 Person<\/option>\n\t\t\t\t\t\t\t\t\t<option value=\"19 Person\"  >19 Person<\/option>\n\t\t\t\t\t\t\t\t\t<option value=\"20 Person\"  >20 Person<\/option>\n\t\t\t\t\t\t\t<\/select>\n\t\t\t\t\t<\/div>\n\t<\/div>\n<\/div><div class=\"fw-row\"><div class=\"fw-col-xs-12 form-builder-item\">\n\t<div class=\"field-text\">\n\t\t\t\t<label for=\"id-4\">Email:\t\t\t<sup>*<\/sup>\t\t<\/label>\n\t\t\t\t<input type=\"text\" name=\"email_570a73a\" placeholder=\"your@email.com\" value=\"\" id=\"id-4\" required=\"required\" >\n\t\t\t<\/div>\n<\/div><\/div><div class=\"fw-row\"><div class=\"fw-col-xs-12 form-builder-item\">\n\t<div class=\"field-textarea\">\n\t\t\t\t<label for=\"id-5\">Special Requests:\t\t\t\t\t<\/label>\n\t\t\t\t<textarea name=\"textarea_b47db35\" placeholder=\"\" id=\"id-5\" data-constraint=\"{&quot;type&quot;:&quot;characters&quot;,&quot;data&quot;:{&quot;min&quot;:&quot;0&quot;,&quot;max&quot;:400}}\" maxlength=\"400\" ><\/textarea>\n\t\t\t\t\t<p><em>Please tell us about you specifis wishes.<\/em><\/p>\n\t\t\t<\/div>\n<\/div><\/div><div class=\"fw-row\"><\/div><\/div><div class=\"book__total-cost\">\n    Total cost: <span id=\"total-cost\"><\/span>&nbsp;&#8364;\n<\/div>\n<div class=\"book__submit\">\n\t<input class=\"book__button js-book-submit\" type=\"submit\" value=\"Submit Reservation Request\"\/>\n<\/div><input type=\"hidden\" name=\"trp-form-language\" value=\"de\"\/><\/form><\/div><\/div>\n<\/div>\n\n    <\/div>\n<\/section>\n\n<\/p>","protected":false},"excerpt":{"rendered":"<p>Luxury Villa EMG Steinfurt M\u00fcnster Enschede Luxury Villa EMG Steinfurt M\u00fcnster Enschede Villa combines the charm of a 1890 Dutch-style house once owned by a brewing family with modern comforts, making it perfect for both family getaways and business stays.Perfect for both relaxation and business needs, this villa offers an inviting atmosphere with easy access [&hellip;]<\/p>","protected":false},"author":2,"featured_media":0,"parent":0,"menu_order":0,"comment_status":"closed","ping_status":"closed","template":"page-villa-page.php","meta":{"footnotes":""},"class_list":["post-2417","page","type-page","status-publish","hentry"],"yoast_head":"<!-- This site is optimized with the Yoast SEO plugin v24.8.1 - https:\/\/yoast.com\/wordpress\/plugins\/seo\/ -->\n<title>Luxury Villa EMG Steinfurt M\u00fcnster Enschede - VILLA EMG<\/title>\n<meta name=\"robots\" content=\"index, follow, max-snippet:-1, max-image-preview:large, max-video-preview:-1\" \/>\n<link rel=\"canonical\" href=\"https:\/\/firstglobalvillachain.com\/de\/luxury-villa-emg-steinfurt-munster-enshede\/\" \/>\n<meta property=\"og:locale\" content=\"de_DE\" \/>\n<meta property=\"og:type\" content=\"article\" \/>\n<meta property=\"og:title\" content=\"Luxury Villa EMG Steinfurt M\u00fcnster Enschede - VILLA EMG\" \/>\n<meta property=\"og:description\" content=\"Luxury Villa EMG Steinfurt M\u00fcnster Enschede Luxury Villa EMG Steinfurt M\u00fcnster Enschede Villa combines the charm of a 1890 Dutch-style house once owned by a brewing family with modern comforts, making it perfect for both family getaways and business stays.Perfect for both relaxation and business needs, this villa offers an inviting atmosphere with easy access [&hellip;]\" \/>\n<meta property=\"og:url\" content=\"https:\/\/firstglobalvillachain.com\/de\/luxury-villa-emg-steinfurt-munster-enshede\/\" \/>\n<meta property=\"og:site_name\" content=\"VILLA EMG\" \/>\n<meta property=\"article:modified_time\" content=\"2025-09-18T12:08:12+00:00\" \/>\n<meta name=\"twitter:card\" content=\"summary_large_image\" \/>\n<meta name=\"twitter:label1\" content=\"Gesch\u00e4tzte Lesezeit\" \/>\n\t<meta name=\"twitter:data1\" content=\"3\u00a0Minuten\" \/>\n<script type=\"application\/ld+json\" class=\"yoast-schema-graph\">{\"@context\":\"https:\/\/schema.org\",\"@graph\":[{\"@type\":\"WebPage\",\"@id\":\"https:\/\/firstglobalvillachain.com\/luxury-villa-emg-steinfurt-munster-enshede\",\"url\":\"https:\/\/firstglobalvillachain.com\/luxury-villa-emg-steinfurt-munster-enshede\",\"name\":\"Luxury Villa EMG Steinfurt M\u00fcnster Enschede - VILLA EMG\",\"isPartOf\":{\"@id\":\"https:\/\/firstglobalvillachain.com\/#website\"},\"datePublished\":\"2024-01-17T14:06:54+00:00\",\"dateModified\":\"2025-09-18T12:08:12+00:00\",\"breadcrumb\":{\"@id\":\"https:\/\/firstglobalvillachain.com\/luxury-villa-emg-steinfurt-munster-enshede#breadcrumb\"},\"inLanguage\":\"de\",\"potentialAction\":[{\"@type\":\"ReadAction\",\"target\":[\"https:\/\/firstglobalvillachain.com\/luxury-villa-emg-steinfurt-munster-enshede\"]}]},{\"@type\":\"BreadcrumbList\",\"@id\":\"https:\/\/firstglobalvillachain.com\/luxury-villa-emg-steinfurt-munster-enshede#breadcrumb\",\"itemListElement\":[{\"@type\":\"ListItem\",\"position\":1,\"name\":\"Home\",\"item\":\"https:\/\/firstglobalvillachain.com\/\"},{\"@type\":\"ListItem\",\"position\":2,\"name\":\"Luxury Villa EMG Steinfurt M\u00fcnster Enschede\"}]},{\"@type\":\"WebSite\",\"@id\":\"https:\/\/firstglobalvillachain.com\/#website\",\"url\":\"https:\/\/firstglobalvillachain.com\/\",\"name\":\"VILLA EMG\",\"description\":\"First Global Villa Chain\",\"potentialAction\":[{\"@type\":\"SearchAction\",\"target\":{\"@type\":\"EntryPoint\",\"urlTemplate\":\"https:\/\/firstglobalvillachain.com\/?s={search_term_string}\"},\"query-input\":{\"@type\":\"PropertyValueSpecification\",\"valueRequired\":true,\"valueName\":\"search_term_string\"}}],\"inLanguage\":\"de\"}]}<\/script>\n<!-- \/ Yoast SEO plugin. -->","yoast_head_json":{"title":"Luxury Villa EMG Steinfurt M\u00fcnster Enschede - VILLA EMG","robots":{"index":"index","follow":"follow","max-snippet":"max-snippet:-1","max-image-preview":"max-image-preview:large","max-video-preview":"max-video-preview:-1"},"canonical":"https:\/\/firstglobalvillachain.com\/de\/luxury-villa-emg-steinfurt-munster-enshede\/","og_locale":"de_DE","og_type":"article","og_title":"Luxury Villa EMG Steinfurt M\u00fcnster Enschede - VILLA EMG","og_description":"Luxury Villa EMG Steinfurt M\u00fcnster Enschede Luxury Villa EMG Steinfurt M\u00fcnster Enschede Villa combines the charm of a 1890 Dutch-style house once owned by a brewing family with modern comforts, making it perfect for both family getaways and business stays.Perfect for both relaxation and business needs, this villa offers an inviting atmosphere with easy access [&hellip;]","og_url":"https:\/\/firstglobalvillachain.com\/de\/luxury-villa-emg-steinfurt-munster-enshede\/","og_site_name":"VILLA EMG","article_modified_time":"2025-09-18T12:08:12+00:00","twitter_card":"summary_large_image","twitter_misc":{"Gesch\u00e4tzte Lesezeit":"3\u00a0Minuten"},"schema":{"@context":"https:\/\/schema.org","@graph":[{"@type":"WebPage","@id":"https:\/\/firstglobalvillachain.com\/luxury-villa-emg-steinfurt-munster-enshede","url":"https:\/\/firstglobalvillachain.com\/luxury-villa-emg-steinfurt-munster-enshede","name":"Luxury Villa EMG Steinfurt M\u00fcnster Enschede - VILLA EMG","isPartOf":{"@id":"https:\/\/firstglobalvillachain.com\/#website"},"datePublished":"2024-01-17T14:06:54+00:00","dateModified":"2025-09-18T12:08:12+00:00","breadcrumb":{"@id":"https:\/\/firstglobalvillachain.com\/luxury-villa-emg-steinfurt-munster-enshede#breadcrumb"},"inLanguage":"de","potentialAction":[{"@type":"ReadAction","target":["https:\/\/firstglobalvillachain.com\/luxury-villa-emg-steinfurt-munster-enshede"]}]},{"@type":"BreadcrumbList","@id":"https:\/\/firstglobalvillachain.com\/luxury-villa-emg-steinfurt-munster-enshede#breadcrumb","itemListElement":[{"@type":"ListItem","position":1,"name":"Home","item":"https:\/\/firstglobalvillachain.com\/"},{"@type":"ListItem","position":2,"name":"Luxury Villa EMG Steinfurt M\u00fcnster Enschede"}]},{"@type":"WebSite","@id":"https:\/\/firstglobalvillachain.com\/#website","url":"https:\/\/firstglobalvillachain.com\/","name":"VILLA EMG","description":"First Global Villa Chain","potentialAction":[{"@type":"SearchAction","target":{"@type":"EntryPoint","urlTemplate":"https:\/\/firstglobalvillachain.com\/?s={search_term_string}"},"query-input":{"@type":"PropertyValueSpecification","valueRequired":true,"valueName":"search_term_string"}}],"inLanguage":"de"}]}},"_links":{"self":[{"href":"https:\/\/firstglobalvillachain.com\/de\/wp-json\/wp\/v2\/pages\/2417","targetHints":{"allow":["GET"]}}],"collection":[{"href":"https:\/\/firstglobalvillachain.com\/de\/wp-json\/wp\/v2\/pages"}],"about":[{"href":"https:\/\/firstglobalvillachain.com\/de\/wp-json\/wp\/v2\/types\/page"}],"author":[{"embeddable":true,"href":"https:\/\/firstglobalvillachain.com\/de\/wp-json\/wp\/v2\/users\/2"}],"replies":[{"embeddable":true,"href":"https:\/\/firstglobalvillachain.com\/de\/wp-json\/wp\/v2\/comments?post=2417"}],"version-history":[{"count":43,"href":"https:\/\/firstglobalvillachain.com\/de\/wp-json\/wp\/v2\/pages\/2417\/revisions"}],"predecessor-version":[{"id":4271,"href":"https:\/\/firstglobalvillachain.com\/de\/wp-json\/wp\/v2\/pages\/2417\/revisions\/4271"}],"wp:attachment":[{"href":"https:\/\/firstglobalvillachain.com\/de\/wp-json\/wp\/v2\/media?parent=2417"}],"curies":[{"name":"wp","href":"https:\/\/api.w.org\/{rel}","templated":true}]}}