{"id":2562,"date":"2024-03-13T21:26:09","date_gmt":"2024-03-13T21:26:09","guid":{"rendered":"https:\/\/firstglobalvillachain.com\/?page_id=2562"},"modified":"2025-06-02T11:05:34","modified_gmt":"2025-06-02T09:05:34","slug":"design-luxury-villa-emg-warendorf-munster","status":"publish","type":"page","link":"https:\/\/firstglobalvillachain.com\/de\/design-luxury-villa-emg-warendorf-munster","title":{"rendered":"Design Luxury Villa EMG Warendorf M\u00fcnster"},"content":{"rendered":"<p><section  class=\"fw-main-row section\"  >\n    <div class=\"fw-container-fluid\">\n        <div class=\"slide\" data-anchor=\"slide1\">\n    <div class=\"home__section-background\" style=\"background-image: url('\/\/firstglobalvillachain.com\/wp-content\/uploads\/2024\/05\/IMG_2141.jpg')\" ><\/div>\n<\/div>\n<div class=\"slide\" data-anchor=\"slide1\">\n    <div class=\"home__section-background\" style=\"background-image: url('\/\/firstglobalvillachain.com\/wp-content\/uploads\/2024\/05\/IMG_1553-Large.jpg')\" ><\/div>\n<\/div>\n<div class=\"slide\" data-anchor=\"slide1\">\n    <div class=\"home__section-background\" style=\"background-image: url('\/\/firstglobalvillachain.com\/wp-content\/uploads\/2024\/03\/IMG_0026.jpg')\" ><\/div>\n<\/div>\n<div class=\"slide\" data-anchor=\"slide1\">\n    <div class=\"home__section-background\" style=\"background-image: url('\/\/firstglobalvillachain.com\/wp-content\/uploads\/2024\/05\/IMG_2116.jpg')\" ><\/div>\n<\/div>\n<div class=\"slide\" data-anchor=\"slide1\">\n    <div class=\"home__section-background\" style=\"background-image: url('\/\/firstglobalvillachain.com\/wp-content\/uploads\/2024\/05\/IMG_2051.jpg')\" ><\/div>\n<\/div>\n<div class=\"slide\" data-anchor=\"slide1\">\n    <div class=\"home__section-background\" style=\"background-image: url('\/\/firstglobalvillachain.com\/wp-content\/uploads\/2024\/05\/IMG_1699-Large-1.jpg')\" ><\/div>\n<\/div>\n<div class=\"slide\" data-anchor=\"slide1\">\n    <div class=\"home__section-background\" style=\"background-image: url('\/\/firstglobalvillachain.com\/wp-content\/uploads\/2024\/03\/IMG_0496-Large.jpg')\" ><\/div>\n<\/div>\n<div class=\"slide\" data-anchor=\"slide1\">\n    <div class=\"home__section-background\" style=\"background-image: url('\/\/firstglobalvillachain.com\/wp-content\/uploads\/2024\/05\/IMG_2093.jpg')\" ><\/div>\n<\/div>\n<div class=\"slide\" data-anchor=\"slide1\">\n    <div class=\"home__section-background\" style=\"background-image: url('\/\/firstglobalvillachain.com\/wp-content\/uploads\/2024\/05\/IMG_2086.jpg')\" ><\/div>\n<\/div>\n<div class=\"slide\" data-anchor=\"slide1\">\n    <div class=\"home__section-background\" style=\"background-image: url('\/\/firstglobalvillachain.com\/wp-content\/uploads\/2024\/03\/IMG_0025.jpg')\" ><\/div>\n<\/div>\n<div class=\"slide\" data-anchor=\"slide1\">\n    <div class=\"home__section-background\" style=\"background-image: url('\/\/firstglobalvillachain.com\/wp-content\/uploads\/2024\/05\/IMG_2100.jpg')\" ><\/div>\n<\/div>\n<div class=\"slide\" data-anchor=\"slide1\">\n    <div class=\"home__section-background\" style=\"background-image: url('\/\/firstglobalvillachain.com\/wp-content\/uploads\/2024\/05\/IMG_2091.jpg')\" ><\/div>\n<\/div>\n<div class=\"slide\" data-anchor=\"slide1\">\n    <div class=\"home__section-background\" style=\"background-image: url('\/\/firstglobalvillachain.com\/wp-content\/uploads\/2024\/05\/IMG_2165.jpg')\" ><\/div>\n<\/div>\n<div class=\"slide\" data-anchor=\"slide1\">\n    <div class=\"home__section-background\" style=\"background-image: url('\/\/firstglobalvillachain.com\/wp-content\/uploads\/2024\/05\/IMG_2112.jpg')\" ><\/div>\n<\/div>\n<div class=\"slide\" data-anchor=\"slide1\">\n    <div class=\"home__section-background\" style=\"background-image: url('\/\/firstglobalvillachain.com\/wp-content\/uploads\/2024\/05\/IMG_2128.jpg')\" ><\/div>\n<\/div>\n<div class=\"slide\" data-anchor=\"slide1\">\n    <div class=\"home__section-background\" style=\"background-image: url('\/\/firstglobalvillachain.com\/wp-content\/uploads\/2024\/05\/IMG_1672-Large-1.jpg')\" ><\/div>\n<\/div>\n<div class=\"slide\" data-anchor=\"slide1\">\n    <div class=\"home__section-background\" style=\"background-image: url('\/\/firstglobalvillachain.com\/wp-content\/uploads\/2024\/05\/IMG_1641-Large-1.jpg')\" ><\/div>\n<\/div>\n<div class=\"slide\" data-anchor=\"slide1\">\n    <div class=\"home__section-background\" style=\"background-image: url('\/\/firstglobalvillachain.com\/wp-content\/uploads\/2024\/05\/IMG_1666-Large-1.jpg')\" ><\/div>\n<\/div>\n<div class=\"slide\" data-anchor=\"slide1\">\n    <div class=\"home__section-background\" style=\"background-image: url('\/\/firstglobalvillachain.com\/wp-content\/uploads\/2024\/05\/IMG_1658-Large-1.jpg')\" ><\/div>\n<\/div>\n<div class=\"slide\" data-anchor=\"slide1\">\n    <div class=\"home__section-background\" style=\"background-image: url('\/\/firstglobalvillachain.com\/wp-content\/uploads\/2024\/05\/IMG_2037.jpg')\" ><\/div>\n<\/div>\n<div class=\"slide\" data-anchor=\"slide1\">\n    <div class=\"home__section-background\" style=\"background-image: url('\/\/firstglobalvillachain.com\/wp-content\/uploads\/2024\/05\/IMG_2024.jpg')\" ><\/div>\n<\/div>\n<div class=\"slide\" data-anchor=\"slide1\">\n    <div class=\"home__section-background\" style=\"background-image: url('\/\/firstglobalvillachain.com\/wp-content\/uploads\/2024\/05\/IMG_2018.jpg')\" ><\/div>\n<\/div>\n<div class=\"slide\" data-anchor=\"slide1\">\n    <div class=\"home__section-background\" style=\"background-image: url('\/\/firstglobalvillachain.com\/wp-content\/uploads\/2024\/05\/IMG_2017.jpg')\" ><\/div>\n<\/div>\n<div class=\"slide\" data-anchor=\"slide1\">\n    <div class=\"home__section-background\" style=\"background-image: url('\/\/firstglobalvillachain.com\/wp-content\/uploads\/2024\/05\/IMG_2055.jpg')\" ><\/div>\n<\/div>\n<div class=\"slide\" data-anchor=\"slide1\">\n    <div class=\"home__section-background\" style=\"background-image: url('\/\/firstglobalvillachain.com\/wp-content\/uploads\/2024\/05\/IMG_2062.jpg')\" ><\/div>\n<\/div>\n<div class=\"slide\" data-anchor=\"slide1\">\n    <div class=\"home__section-background\" style=\"background-image: url('\/\/firstglobalvillachain.com\/wp-content\/uploads\/2024\/05\/IMG_2065.jpg')\" ><\/div>\n<\/div>\n<div class=\"slide\" data-anchor=\"slide1\">\n    <div class=\"home__section-background\" style=\"background-image: url('\/\/firstglobalvillachain.com\/wp-content\/uploads\/2024\/05\/IMG_2003.jpg')\" ><\/div>\n<\/div>\n<div class=\"slide\" data-anchor=\"slide1\">\n    <div class=\"home__section-background\" style=\"background-image: url('\/\/firstglobalvillachain.com\/wp-content\/uploads\/2024\/05\/IMG_1998.jpg')\" ><\/div>\n<\/div>\n<div class=\"slide\" data-anchor=\"slide1\">\n    <div class=\"home__section-background\" style=\"background-image: url('\/\/firstglobalvillachain.com\/wp-content\/uploads\/2024\/05\/IMG_1584-Large.jpg')\" ><\/div>\n<\/div>\n<div class=\"home__section-overlay\"><\/div>\n<div class=\"home__first-info js-villa-info\" data-villa=\"Design Luxury Villa EMG Warendorf M\u00fcnster\" data-weekday=\"490\" data-weekend=\"990\" data-increase=\"6\" data-after=\"100\">\n    <div class=\"home__first-title\">Design Luxury Villa EMG Warendorf M\u00fcnster<\/div>\n    <div class=\"home__first-content\"><\/div>\n<\/div>\n    <\/div>\n<\/section>\n\n<section  class=\"fw-main-row section\"  >\n    <div class=\"fw-container-fluid\">\n        <div class=\"fw-row\">\n\t<div class=\"fw-col-xs-12 fw-col-sm-8\">\n\t<div class=\"villa-info__text villa-info_center\">\n    <div class=\"villa-info__title\">Design Luxury Villa EMG Warendorf M\u00fcnster<\/div>    <div class=\"villa-info__content\">\n        <p data-start=\"53\" data-end=\"211\">A premium retreat with <strong data-start=\"76\" data-end=\"102\">250 m\u00b2 of living space<\/strong>, a <strong data-start=\"106\" data-end=\"133\">1,000 m\u00b2 private garden<\/strong>, and <strong data-start=\"139\" data-end=\"174\">stunning views of the River Ems<\/strong>, ensuring tranquility and comfort.<\/p><p data-start=\"213\" data-end=\"287\">Perfect for <strong data-start=\"225\" data-end=\"284\">families, business stays, and groups of up to 10 guests<\/strong>.<\/p><h3 data-start=\"289\" data-end=\"314\"><strong data-start=\"293\" data-end=\"312\">Prime Location:<\/strong><\/h3><p>- M\u00fcnster \u2013 30 min<br \/>- M\u00fcnster Airport \u2013 30 min<br \/>- Bielefeld \u2013 35 min<br \/>- Dortmund Airport &amp; City Center \u2013 50 min<\/p>    <\/div>\n<\/div>\n<\/div>\n<div class=\"fw-col-xs-12 fw-col-sm-4\">\n\t<div class=\"home__section-background home__image-background js-villa-info\" style=\"background-image: url('\/\/firstglobalvillachain.com\/wp-content\/uploads\/2024\/05\/IMG_1594-Large.jpg')\"><\/div>\n\n\n<\/div>\n<\/div>\n\n    <\/div>\n<\/section>\n\n<section  class=\"fw-main-row section\"  >\n    <div class=\"fw-container-fluid\">\n        <div class=\"fw-row\">\n\t<div class=\"fw-col-xs-12\">\n\t<div class=\"simple-slider\">\n    <a href=\"#\" class=\"control_next\"><\/a>\n    <a href=\"#\" class=\"control_prev\"><\/a>\n    <ul>\n                <li>\n            <div class=\"home__section-background home__image-background js-villa-info\" style=\"background-image: url('\/\/firstglobalvillachain.com\/wp-content\/uploads\/2024\/03\/OS_Quabbe_15-09-28_185_PLUS-Large.jpg')\"><\/div>\n        <\/li>\n                <li>\n            <div class=\"home__section-background home__image-background js-villa-info\" style=\"background-image: url('\/\/firstglobalvillachain.com\/wp-content\/uploads\/2024\/03\/IMG_0044.jpg')\"><\/div>\n        <\/li>\n                <li>\n            <div class=\"home__section-background home__image-background js-villa-info\" style=\"background-image: url('\/\/firstglobalvillachain.com\/wp-content\/uploads\/2024\/03\/IMG_0041.jpg')\"><\/div>\n        <\/li>\n                <li>\n            <div class=\"home__section-background home__image-background js-villa-info\" style=\"background-image: url('\/\/firstglobalvillachain.com\/wp-content\/uploads\/2024\/03\/IMG_0042.jpg')\"><\/div>\n        <\/li>\n                <li>\n            <div class=\"home__section-background home__image-background js-villa-info\" style=\"background-image: url('\/\/firstglobalvillachain.com\/wp-content\/uploads\/2024\/03\/IMG_0037.jpg')\"><\/div>\n        <\/li>\n                <li>\n            <div class=\"home__section-background home__image-background js-villa-info\" style=\"background-image: url('\/\/firstglobalvillachain.com\/wp-content\/uploads\/2024\/03\/IMG_0036.jpg')\"><\/div>\n        <\/li>\n                <li>\n            <div class=\"home__section-background home__image-background js-villa-info\" style=\"background-image: url('\/\/firstglobalvillachain.com\/wp-content\/uploads\/2024\/03\/IMG_0499-Large.jpg')\"><\/div>\n        <\/li>\n                <li>\n            <div class=\"home__section-background home__image-background js-villa-info\" style=\"background-image: url('\/\/firstglobalvillachain.com\/wp-content\/uploads\/2024\/03\/IMG_0020.jpg')\"><\/div>\n        <\/li>\n            <\/ul>\n<\/div>\n\n\n<\/div>\n<\/div>\n\n    <\/div>\n<\/section>\n\n<section  class=\"fw-main-row section\"  >\n    <div class=\"fw-container-fluid\">\n        <div class=\"fw-row\">\n\t<div class=\"fw-col-xs-12\">\n\t<div class=\"villa-info__text villa-info_center\">\n    <div class=\"villa-info__title\">Summary<\/div>    <div class=\"villa-info__content\">\n        <p data-start=\"48\" data-end=\"219\">This <strong data-start=\"53\" data-end=\"76\">award-winning villa<\/strong> combines modern design with ultimate comfort, offering <strong data-start=\"132\" data-end=\"179\">250 m\u00b2 of meticulously crafted living space<\/strong> within a <strong data-start=\"189\" data-end=\"216\">1,000 m\u00b2 private garden<\/strong>.<\/p><h3 data-start=\"221\" data-end=\"245\"><strong data-start=\"225\" data-end=\"243\">Main Features:<\/strong><\/h3><p><strong data-start=\"248\" data-end=\"272\">- Spacious Living Area<\/strong> \u2013 Stylish lounge with a comfortable sofa and open dining space for up to 10 guests.<br \/><strong data-start=\"361\" data-end=\"387\">- Fully Equipped Kitchen<\/strong> \u2013 Smart, modern design with premium appliances.<br \/><strong data-start=\"440\" data-end=\"454\">- 3 Bedrooms<\/strong> \u2013 Elegantly furnished for relaxation.<br \/><strong data-start=\"497\" data-end=\"523\">- 2 Bathrooms + Guest WC<\/strong> \u2013 Includes an en-suite bathroom with a bathtub.<\/p><h3 data-start=\"1040\" data-end=\"1067\"><strong data-start=\"1044\" data-end=\"1065\">Outdoor &amp; Extras:<\/strong><\/h3><p><strong data-start=\"1070\" data-end=\"1099\">- <\/strong>Private garden (1,000 m\u00b2) with stunning views of the River Ems<br \/><span data-start=\"808\" data-end=\"819\">-<\/span> Terrace \u2013 Ideal for outdoor dining and socializing.<br \/><strong data-start=\"1145\" data-end=\"1169\">- <\/strong>Award-winning design (German Design Awards &amp; DNA Paris Design Awards)<br \/>- Dedicated Work Space \u2013 Ideal for business travelers.<br \/>- Free Wi-Fi throughout the villa<\/p><p data-start=\"1262\" data-end=\"1334\" data-is-last-node=\"\" data-is-only-node=\"\"><strong>Exclusive Services (on request):<\/strong><br \/>- Private Chef<br \/>- Luxury Car Rental (Bugatti, Ferrari, Bentley, etc.)<\/p><p data-start=\"1262\" data-end=\"1334\" data-is-last-node=\"\" data-is-only-node=\"\">Perfect for families, business stays, and groups of up to 10 guests.<\/p>    <\/div>\n<\/div>\n<\/div>\n<\/div>\n\n    <\/div>\n<\/section>\n\n<section  class=\"fw-main-row section\"  >\n    <div class=\"fw-container-fluid\">\n        <div class=\"fw-row\">\n\t<div class=\"fw-col-xs-12 fw-col-sm-8\">\n\t<div class=\"villa-info__text villa-info_center\">\n    <div class=\"villa-info__title\">Rising near Villa EMG Warendorf M\u00fcnster<\/div>    <div class=\"villa-info__content\">\n        <p data-start=\"57\" data-end=\"379\">Located in the picturesque <strong data-start=\"84\" data-end=\"106\">M\u00fcnsterland region<\/strong>, <strong data-start=\"108\" data-end=\"121\">Warendorf<\/strong> offers a perfect blend of history, nature, and equestrian culture. The charming old town is home to the <strong data-start=\"226\" data-end=\"252\">Historic Market Square<\/strong>, lined with beautifully preserved buildings, and the <strong data-start=\"306\" data-end=\"331\">St. Laurentius Church<\/strong>, a stunning example of regional architecture.<\/p><p data-start=\"665\" data-end=\"946\">As the <strong data-start=\"672\" data-end=\"720\">equestrian capital of North Rhine-Westphalia<\/strong>, Warendorf is home to the <strong data-start=\"747\" data-end=\"766\">State Stud Farm<\/strong>, hosting world-renowned horse breeding events and parades. Throughout the year, the town\u2019s cultural calendar is filled with traditional festivals, music events, and local fairs.<\/p><p data-start=\"948\" data-end=\"1173\" data-is-last-node=\"\" data-is-only-node=\"\">With <strong data-start=\"953\" data-end=\"1016\">M\u00fcnster (30 min), Bielefeld (35 min), and Dortmund (50 min)<\/strong> within easy reach, Warendorf is an ideal destination for those seeking a peaceful retreat with access to rich history, nature, and vibrant regional culture.<\/p>    <\/div>\n<\/div>\n<\/div>\n<div class=\"fw-col-xs-12 fw-col-sm-4\">\n\t<div class=\"home__section-background home__image-background js-villa-info\" style=\"background-image: url('\/\/firstglobalvillachain.com\/wp-content\/uploads\/2024\/03\/OS_WAF_bmw-i8_16-08-17_223-Large.jpg')\"><\/div>\n\n\n<\/div>\n<\/div>\n\n    <\/div>\n<\/section>\n\n<section  class=\"fw-main-row section js-hide-section\"  >\n    <div class=\"fw-container-fluid\">\n        <div class=\"fw-row\">\n\t<div class=\"fw-col-xs-12\">\n\t<div class=\"form-wrapper fw-contact-form contact-form\">\n\t<form data-fw-form-id=\"fw_form\" method=\"post\" action=\"https:\/\/firstglobalvillachain.com\/de\/wp-json\/wp\/v2\/pages\/2562\" class=\"fw_form_fw_form\" data-fw-ext-forms-type=\"contact-forms\" data-trp-original-action=\"https:\/\/firstglobalvillachain.com\/de\/wp-json\/wp\/v2\/pages\/2562\"  ><input type=\"hidden\" name=\"fwf\" value=\"fw_form\" \/><input type=\"hidden\" id=\"_nonce_e16e56bf1c7208a4b8e2ccde05e9dd9a\" name=\"_nonce_e16e56bf1c7208a4b8e2ccde05e9dd9a\" value=\"d4d5cb57c9\" \/><input type=\"hidden\" name=\"_wp_http_referer\" value=\"\/de\/wp-json\/wp\/v2\/pages\/2562\" \/><input type=\"hidden\" name=\"fw_ext_forms_form_type\" value=\"contact-forms\" \/><input type=\"hidden\" name=\"fw_ext_forms_form_id\" value=\"88d7db86073d351c409be9544f4be1f3\" \/><div class=\"wrap-forms\">\n\t<div class=\"fw-row\"><div class=\"fw-col-xs-12 form-builder-item form-builder-item\">\n\t<div class=\"header title\">\n\t\t<h2>Reservation Request for Design Luxury Villa EMG Warendorf M\u00fcnster<\/h2>\n\t\t\t<\/div>\n<\/div><\/div><div class=\"fw-row\"><div class=\"fw-col-xs-12 form-builder-item\">\n\t<div class=\"field-text\">\n\t\t\t\t<label for=\"id-1\">Check-in date:\t\t\t<sup>*<\/sup>\t\t<\/label>\n\t\t\t\t<input type=\"text\" name=\"text_a27d3d6\" placeholder=\"DD-MM-YYYY\" value=\"\" id=\"id-1\" required=\"required\" >\n\t\t\t<\/div>\n<\/div><\/div><div class=\"fw-row\"><div class=\"fw-col-xs-12 form-builder-item\">\n\t<div class=\"field-text\">\n\t\t\t\t<label for=\"id-2\">Check-out date:\t\t\t<sup>*<\/sup>\t\t<\/label>\n\t\t\t\t<input type=\"text\" name=\"text_e389c42\" placeholder=\"DD-MM-YYYY\" value=\"\" id=\"id-2\" required=\"required\" >\n\t\t\t<\/div>\n<\/div><\/div><div class=\"fw-row\">\t<div class=\"fw-col-xs-12 form-builder-item\">\n\t\t<div class=\"field-select select-styled\">\n\t\t\t\t\t\t<label for=\"id-3\">Guest Amount\t\t\t\t<sup>*<\/sup>\t\t\t<\/label>\n\t\t\t\t\t\t<select name=\"select_66f2247\" id=\"id-3\"  >\n\t\t\t\t\t\t\t\t\t<option value=\"1 Person\"  >1 Person<\/option>\n\t\t\t\t\t\t\t\t\t<option value=\"2 Person\"  >2 Person<\/option>\n\t\t\t\t\t\t\t\t\t<option value=\"3 Person\"  >3 Person<\/option>\n\t\t\t\t\t\t\t\t\t<option value=\"4 Person\"  >4 Person<\/option>\n\t\t\t\t\t\t\t\t\t<option value=\"5 Person\"  >5 Person<\/option>\n\t\t\t\t\t\t\t\t\t<option value=\"6 Person\"  >6 Person<\/option>\n\t\t\t\t\t\t\t\t\t<option value=\"7 Person\"  >7 Person<\/option>\n\t\t\t\t\t\t\t\t\t<option value=\"8 Person\"  >8 Person<\/option>\n\t\t\t\t\t\t\t\t\t<option value=\"9 Person\"  >9 Person<\/option>\n\t\t\t\t\t\t\t\t\t<option value=\"10 Person\"  >10 Person<\/option>\n\t\t\t\t\t\t\t<\/select>\n\t\t\t\t\t<\/div>\n\t<\/div>\n<\/div><div class=\"fw-row\"><div class=\"fw-col-xs-12 form-builder-item\">\n\t<div class=\"field-text\">\n\t\t\t\t<label for=\"id-4\">Email:\t\t\t<sup>*<\/sup>\t\t<\/label>\n\t\t\t\t<input type=\"text\" name=\"email_570a73a\" placeholder=\"your@email.com\" value=\"\" id=\"id-4\" required=\"required\" >\n\t\t\t<\/div>\n<\/div><\/div><div class=\"fw-row\"><div class=\"fw-col-xs-12 form-builder-item\">\n\t<div class=\"field-textarea\">\n\t\t\t\t<label for=\"id-5\">Special Requests:\t\t\t\t\t<\/label>\n\t\t\t\t<textarea name=\"textarea_b47db35\" placeholder=\"\" id=\"id-5\" data-constraint=\"{&quot;type&quot;:&quot;characters&quot;,&quot;data&quot;:{&quot;min&quot;:&quot;0&quot;,&quot;max&quot;:400}}\" maxlength=\"400\" ><\/textarea>\n\t\t\t\t\t<p><em>Please tell us about you specifis wishes.<\/em><\/p>\n\t\t\t<\/div>\n<\/div><\/div><div class=\"fw-row\"><\/div><\/div><div class=\"book__total-cost\">\n    Total cost: <span id=\"total-cost\"><\/span>&nbsp;&#8364;\n<\/div>\n<div class=\"book__submit\">\n\t<input class=\"book__button js-book-submit\" type=\"submit\" value=\"Submit Reservation Request\"\/>\n<\/div><input type=\"hidden\" name=\"trp-form-language\" value=\"de\"\/><\/form><\/div><\/div>\n<\/div>\n\n    <\/div>\n<\/section>\n\n<\/p>","protected":false},"excerpt":{"rendered":"<p>Design Luxury Villa EMG Warendorf M\u00fcnster Design Luxury Villa EMG Warendorf M\u00fcnster A premium retreat with 250 m\u00b2 of living space, a 1,000 m\u00b2 private garden, and stunning views of the River Ems, ensuring tranquility and comfort.Perfect for families, business stays, and groups of up to 10 guests.Prime Location:- M\u00fcnster \u2013 30 min- M\u00fcnster Airport [&hellip;]<\/p>","protected":false},"author":2,"featured_media":0,"parent":0,"menu_order":0,"comment_status":"closed","ping_status":"closed","template":"page-villa-page.php","meta":{"footnotes":""},"class_list":["post-2562","page","type-page","status-publish","hentry"],"yoast_head":"<!-- This site is optimized with the Yoast SEO plugin v24.8.1 - https:\/\/yoast.com\/wordpress\/plugins\/seo\/ -->\n<title>Design Luxury Villa EMG Warendorf M\u00fcnster - VILLA EMG<\/title>\n<meta name=\"robots\" content=\"index, follow, max-snippet:-1, max-image-preview:large, max-video-preview:-1\" \/>\n<link rel=\"canonical\" href=\"https:\/\/firstglobalvillachain.com\/de\/design-luxury-villa-emg-warendorf-munster\/\" \/>\n<meta property=\"og:locale\" content=\"de_DE\" \/>\n<meta property=\"og:type\" content=\"article\" \/>\n<meta property=\"og:title\" content=\"Design Luxury Villa EMG Warendorf M\u00fcnster - VILLA EMG\" \/>\n<meta property=\"og:description\" content=\"Design Luxury Villa EMG Warendorf M\u00fcnster Design Luxury Villa EMG Warendorf M\u00fcnster A premium retreat with 250 m\u00b2 of living space, a 1,000 m\u00b2 private garden, and stunning views of the River Ems, ensuring tranquility and comfort.Perfect for families, business stays, and groups of up to 10 guests.Prime Location:- M\u00fcnster \u2013 30 min- M\u00fcnster Airport [&hellip;]\" \/>\n<meta property=\"og:url\" content=\"https:\/\/firstglobalvillachain.com\/de\/design-luxury-villa-emg-warendorf-munster\/\" \/>\n<meta property=\"og:site_name\" content=\"VILLA EMG\" \/>\n<meta property=\"article:modified_time\" content=\"2025-06-02T09:05:34+00:00\" \/>\n<meta name=\"twitter:card\" content=\"summary_large_image\" \/>\n<meta name=\"twitter:label1\" content=\"Gesch\u00e4tzte Lesezeit\" \/>\n\t<meta name=\"twitter:data1\" content=\"2\u00a0Minuten\" \/>\n<script type=\"application\/ld+json\" class=\"yoast-schema-graph\">{\"@context\":\"https:\/\/schema.org\",\"@graph\":[{\"@type\":\"WebPage\",\"@id\":\"https:\/\/firstglobalvillachain.com\/design-luxury-villa-emg-warendorf-munster\",\"url\":\"https:\/\/firstglobalvillachain.com\/design-luxury-villa-emg-warendorf-munster\",\"name\":\"Design Luxury Villa EMG Warendorf M\u00fcnster - VILLA EMG\",\"isPartOf\":{\"@id\":\"https:\/\/firstglobalvillachain.com\/#website\"},\"datePublished\":\"2024-03-13T21:26:09+00:00\",\"dateModified\":\"2025-06-02T09:05:34+00:00\",\"breadcrumb\":{\"@id\":\"https:\/\/firstglobalvillachain.com\/design-luxury-villa-emg-warendorf-munster#breadcrumb\"},\"inLanguage\":\"de\",\"potentialAction\":[{\"@type\":\"ReadAction\",\"target\":[\"https:\/\/firstglobalvillachain.com\/design-luxury-villa-emg-warendorf-munster\"]}]},{\"@type\":\"BreadcrumbList\",\"@id\":\"https:\/\/firstglobalvillachain.com\/design-luxury-villa-emg-warendorf-munster#breadcrumb\",\"itemListElement\":[{\"@type\":\"ListItem\",\"position\":1,\"name\":\"Home\",\"item\":\"https:\/\/firstglobalvillachain.com\/\"},{\"@type\":\"ListItem\",\"position\":2,\"name\":\"Design Luxury Villa EMG Warendorf M\u00fcnster\"}]},{\"@type\":\"WebSite\",\"@id\":\"https:\/\/firstglobalvillachain.com\/#website\",\"url\":\"https:\/\/firstglobalvillachain.com\/\",\"name\":\"VILLA EMG\",\"description\":\"First Global Villa Chain\",\"potentialAction\":[{\"@type\":\"SearchAction\",\"target\":{\"@type\":\"EntryPoint\",\"urlTemplate\":\"https:\/\/firstglobalvillachain.com\/?s={search_term_string}\"},\"query-input\":{\"@type\":\"PropertyValueSpecification\",\"valueRequired\":true,\"valueName\":\"search_term_string\"}}],\"inLanguage\":\"de\"}]}<\/script>\n<!-- \/ Yoast SEO plugin. -->","yoast_head_json":{"title":"Design Luxury Villa EMG Warendorf M\u00fcnster - VILLA EMG","robots":{"index":"index","follow":"follow","max-snippet":"max-snippet:-1","max-image-preview":"max-image-preview:large","max-video-preview":"max-video-preview:-1"},"canonical":"https:\/\/firstglobalvillachain.com\/de\/design-luxury-villa-emg-warendorf-munster\/","og_locale":"de_DE","og_type":"article","og_title":"Design Luxury Villa EMG Warendorf M\u00fcnster - VILLA EMG","og_description":"Design Luxury Villa EMG Warendorf M\u00fcnster Design Luxury Villa EMG Warendorf M\u00fcnster A premium retreat with 250 m\u00b2 of living space, a 1,000 m\u00b2 private garden, and stunning views of the River Ems, ensuring tranquility and comfort.Perfect for families, business stays, and groups of up to 10 guests.Prime Location:- M\u00fcnster \u2013 30 min- M\u00fcnster Airport [&hellip;]","og_url":"https:\/\/firstglobalvillachain.com\/de\/design-luxury-villa-emg-warendorf-munster\/","og_site_name":"VILLA EMG","article_modified_time":"2025-06-02T09:05:34+00:00","twitter_card":"summary_large_image","twitter_misc":{"Gesch\u00e4tzte Lesezeit":"2\u00a0Minuten"},"schema":{"@context":"https:\/\/schema.org","@graph":[{"@type":"WebPage","@id":"https:\/\/firstglobalvillachain.com\/design-luxury-villa-emg-warendorf-munster","url":"https:\/\/firstglobalvillachain.com\/design-luxury-villa-emg-warendorf-munster","name":"Design Luxury Villa EMG Warendorf M\u00fcnster - VILLA EMG","isPartOf":{"@id":"https:\/\/firstglobalvillachain.com\/#website"},"datePublished":"2024-03-13T21:26:09+00:00","dateModified":"2025-06-02T09:05:34+00:00","breadcrumb":{"@id":"https:\/\/firstglobalvillachain.com\/design-luxury-villa-emg-warendorf-munster#breadcrumb"},"inLanguage":"de","potentialAction":[{"@type":"ReadAction","target":["https:\/\/firstglobalvillachain.com\/design-luxury-villa-emg-warendorf-munster"]}]},{"@type":"BreadcrumbList","@id":"https:\/\/firstglobalvillachain.com\/design-luxury-villa-emg-warendorf-munster#breadcrumb","itemListElement":[{"@type":"ListItem","position":1,"name":"Home","item":"https:\/\/firstglobalvillachain.com\/"},{"@type":"ListItem","position":2,"name":"Design Luxury Villa EMG Warendorf M\u00fcnster"}]},{"@type":"WebSite","@id":"https:\/\/firstglobalvillachain.com\/#website","url":"https:\/\/firstglobalvillachain.com\/","name":"VILLA EMG","description":"First Global Villa Chain","potentialAction":[{"@type":"SearchAction","target":{"@type":"EntryPoint","urlTemplate":"https:\/\/firstglobalvillachain.com\/?s={search_term_string}"},"query-input":{"@type":"PropertyValueSpecification","valueRequired":true,"valueName":"search_term_string"}}],"inLanguage":"de"}]}},"_links":{"self":[{"href":"https:\/\/firstglobalvillachain.com\/de\/wp-json\/wp\/v2\/pages\/2562","targetHints":{"allow":["GET"]}}],"collection":[{"href":"https:\/\/firstglobalvillachain.com\/de\/wp-json\/wp\/v2\/pages"}],"about":[{"href":"https:\/\/firstglobalvillachain.com\/de\/wp-json\/wp\/v2\/types\/page"}],"author":[{"embeddable":true,"href":"https:\/\/firstglobalvillachain.com\/de\/wp-json\/wp\/v2\/users\/2"}],"replies":[{"embeddable":true,"href":"https:\/\/firstglobalvillachain.com\/de\/wp-json\/wp\/v2\/comments?post=2562"}],"version-history":[{"count":39,"href":"https:\/\/firstglobalvillachain.com\/de\/wp-json\/wp\/v2\/pages\/2562\/revisions"}],"predecessor-version":[{"id":4187,"href":"https:\/\/firstglobalvillachain.com\/de\/wp-json\/wp\/v2\/pages\/2562\/revisions\/4187"}],"wp:attachment":[{"href":"https:\/\/firstglobalvillachain.com\/de\/wp-json\/wp\/v2\/media?parent=2562"}],"curies":[{"name":"wp","href":"https:\/\/api.w.org\/{rel}","templated":true}]}}